{"id":250,"date":"2024-05-16T13:06:33","date_gmt":"2024-05-16T13:06:33","guid":{"rendered":"https:\/\/eduardfolch.bike\/?page_id=250"},"modified":"2024-05-20T10:49:32","modified_gmt":"2024-05-20T10:49:32","slug":"bicibus","status":"publish","type":"page","link":"https:\/\/eduardfolch.bike\/ca\/bicibus\/","title":{"rendered":"Bicib\u00fas"},"content":{"rendered":"<div class=\"wp-block-group has-secondary-color has-background-background-color has-text-color has-background has-link-color wp-elements-db5f8d633366c32405331173690bfe58 is-layout-flow wp-block-group-is-layout-flow\" style=\"border-radius:8px;padding-top:var(--wp--preset--spacing--70);padding-right:0;padding-bottom:var(--wp--preset--spacing--70);padding-left:0\">\n<h1 class=\"wp-block-heading has-secondary-color has-text-color has-link-color wp-elements-8a7f8109dbd0c832e931be1feba318c7\" style=\"margin-top:0;margin-bottom:0\">Bicib\u00fas<\/h1>\n\n\n\n<p class=\"has-primary-second-color has-text-color has-link-color wp-elements-1149bdc932469b9e422911a5a1b699e4\" style=\"margin-top:var(--wp--preset--spacing--30);margin-bottom:0;line-height:1.5\">El bicib\u00fas \u00e9s una iniciativa divertida i segura que permet a les persones pedalejar en grup entre dos punts. \u00c9s com una l\u00ednia d\u00b4autob\u00fas: Segueix rutes espec\u00edfiques i parades amb horaris predefinits. T&#039;ofereixo una metodologia i recursos per crear un bicib\u00fas cap a l&#039;escola, un centre de treball o un esdeveniment.<\/p>\n\n\n\n<div style=\"height:40px\" aria-hidden=\"true\" class=\"wp-block-spacer\"><\/div>\n\n\n\n<div class=\"wp-block-columns is-layout-flex wp-container-core-columns-is-layout-08a2a807 wp-block-columns-is-layout-flex\">\n<div class=\"wp-block-column is-layout-flow wp-block-column-is-layout-flow\">\n<h3 class=\"wp-block-heading has-primary-color has-text-color has-link-color has-normal-font-size wp-elements-a769182c525cff12a51baec87fdafa50\" style=\"margin-top:0;margin-right:0;margin-bottom:0;margin-left:0\">Modalitats<\/h3>\n\n\n\n<p class=\"has-normal-font-size\" style=\"margin-top:var(--wp--preset--spacing--10);margin-right:0;margin-bottom:0;margin-left:0;line-height:1.5\">Bicib\u00fas per a centres educatius, centres de treball, pol\u00edgons industrials o esdeveniments.<\/p>\n<\/div>\n\n\n\n<div class=\"wp-block-column is-layout-flow wp-block-column-is-layout-flow\">\n<h3 class=\"wp-block-heading has-primary-color has-text-color has-link-color has-normal-font-size wp-elements-a5ba4b3abe32d1d278bff13d13e0b53f\" style=\"margin-top:0;margin-right:0;margin-bottom:0;margin-left:0\">Clients<\/h3>\n\n\n\n<p class=\"has-normal-font-size\" style=\"margin-top:var(--wp--preset--spacing--10);margin-right:0;margin-bottom:0;margin-left:0;line-height:1.5\">Per a organismes p\u00fablics i privats, centres educatius i empreses dorganitzaci\u00f3 desdeveniments.<\/p>\n<\/div>\n\n\n\n<div class=\"wp-block-column is-layout-flow wp-block-column-is-layout-flow\">\n<h3 class=\"wp-block-heading has-primary-color has-text-color has-link-color has-normal-font-size wp-elements-33b2d5befd2b2c57962135a6257cc62c\" style=\"margin-top:0;margin-right:0;margin-bottom:0;margin-left:0\">Qu\u00e8 inclou?<\/h3>\n\n\n\n<p class=\"has-normal-font-size\" style=\"margin-top:var(--wp--preset--spacing--10);margin-right:0;margin-bottom:0;margin-left:0;line-height:1.5\">Suport en la creaci\u00f3 del projecte, definici\u00f3 de rutes, formaci\u00f3 en circulaci\u00f3 ciclista i Bicib\u00fas APP per a la promoci\u00f3 i gesti\u00f3 del projecte.<\/p>\n<\/div>\n<\/div>\n<\/div>\n\n\n\n<div style=\"height:40px\" aria-hidden=\"true\" class=\"wp-block-spacer\"><\/div>\n\n\n\n<div class=\"wp-block-columns are-vertically-aligned-center is-layout-flex wp-container-core-columns-is-layout-28f84493 wp-block-columns-is-layout-flex\">\n<div class=\"wp-block-column is-vertically-aligned-center is-layout-flow wp-block-column-is-layout-flow\">\n<h2 class=\"wp-block-heading\">El bicib\u00fas canvia els nostres carrers i els omple de bicicletes.<\/h2>\n\n\n\n<div class=\"wp-block-buttons is-layout-flex wp-block-buttons-is-layout-flex\">\n<div class=\"wp-block-button\"><a class=\"wp-block-button__link wp-element-button\" href=\"#contactar\">Contacta amb mi<\/a><\/div>\n\n\n\n<div class=\"wp-block-button\"><a class=\"wp-block-button__link has-secondary-background-color has-background wp-element-button\" href=\"https:\/\/bicibus.eu\" target=\"_blank\" rel=\"noreferrer noopener\">Visita la web de BicibusLAB<\/a><\/div>\n<\/div>\n<\/div>\n\n\n\n<div class=\"wp-block-column is-vertically-aligned-center is-layout-flow wp-block-column-is-layout-flow\">\n<figure class=\"wp-block-embed aligncenter is-type-video is-provider-youtube wp-block-embed-youtube wp-embed-aspect-16-9 wp-has-aspect-ratio\"><div class=\"wp-block-embed__wrapper\">\n<iframe loading=\"lazy\" title=\"Primer Bicib\u00fas de la Seu d&#039;Urgell\" width=\"500\" height=\"281\" src=\"https:\/\/www.youtube.com\/embed\/v6Cq0R2kNvA?feature=oembed\" frameborder=\"0\" allow=\"accelerometer; autoplay; clipboard-write; encrypted-media; gyroscope; picture-in-picture; web-share\" referrerpolicy=\"strict-origin-when-cross-origin\" allowfullscreen><\/iframe>\n<\/div><figcaption class=\"wp-element-caption\"><em>Bicib\u00fas escolar a La Seu d&#039;Urgell<\/em><\/figcaption><\/figure>\n<\/div>\n<\/div>\n\n\n\n<div style=\"height:60px\" aria-hidden=\"true\" class=\"wp-block-spacer\"><\/div>\n\n\n\n<div class=\"wp-block-columns are-vertically-aligned-top is-layout-flex wp-container-core-columns-is-layout-28f84493 wp-block-columns-is-layout-flex\">\n<div class=\"wp-block-column is-vertically-aligned-top is-layout-flow wp-block-column-is-layout-flow\" style=\"padding-top:var(--wp--preset--spacing--20);padding-right:var(--wp--preset--spacing--20);padding-bottom:var(--wp--preset--spacing--20);padding-left:var(--wp--preset--spacing--20)\">\n<h3 class=\"wp-block-heading has-medium-font-size\" style=\"font-style:normal;font-weight:700\">Mobilitat sostenible en grup<\/h3>\n\n\n\n<p style=\"margin-top:var(--wp--preset--spacing--10);margin-bottom:var(--wp--preset--spacing--60)\"><mark style=\"background-color:rgba(0, 0, 0, 0)\" class=\"has-inline-color has-secondary-color\">Promovent salut, educaci\u00f3 i comunitat a trav\u00e9s del bicib\u00fas.<\/mark><br><br>El bicib\u00fas fomenta lactivitat f\u00edsica regular en persones de totes les edats, combatent el sedentarisme i millorant el benestar general. <br>A m\u00e9s, redueix la contaminaci\u00f3 i millora la qualitat de l&#039;aire en disminuir l&#039;\u00fas de l&#039;autom\u00f2bil. <br><br>Aquesta iniciativa tamb\u00e9 ofereix l&#039;oportunitat de despla\u00e7ar-se de manera segura i eficient amb bicicleta, promovent habilitats de mobilitat urbana i consci\u00e8ncia ambiental, ja sigui per anar a escola, a la feina oa esdeveniments.<\/p>\n<\/div>\n\n\n\n<div class=\"wp-block-column is-vertically-aligned-top is-layout-flow wp-block-column-is-layout-flow\" style=\"padding-top:var(--wp--preset--spacing--20);padding-right:var(--wp--preset--spacing--20);padding-bottom:var(--wp--preset--spacing--20);padding-left:var(--wp--preset--spacing--20)\">\n<h3 class=\"wp-block-heading has-medium-font-size\" style=\"font-style:normal;font-weight:700\">Metodologia basada en lacci\u00f3<\/h3>\n\n\n\n<p style=\"margin-top:var(--wp--preset--spacing--10);margin-bottom:var(--wp--preset--spacing--60)\"><mark style=\"background-color:rgba(0, 0, 0, 0)\" class=\"has-inline-color has-secondary-color\">Experi\u00e8ncia en l&#039;impuls de m\u00e9s de 20 projectes de bicib\u00fas des del 2020<\/mark><\/p>\n\n\n\n<p>La metodologia per implementar el bicib\u00fas inclou diverses etapes clau: <br><br>Acompanyament del grup impulsor en la creaci\u00f3 del projecte, involucrant tots els agents necessaris per assegurar l&#039;\u00e8xit del bicib\u00fas. Definici\u00f3 i estudi de les rutes \u00f2ptimes mitjan\u00e7ant enquestes, eines de geolocalitzaci\u00f3 i treball de camp. <br><br>Tamb\u00e9 s&#039;ofereix formaci\u00f3 intensiva en circulaci\u00f3 i finalment, activaci\u00f3 de la Bicib\u00fas APP, que facilita inscripcions, comunicaci\u00f3 del projecte i proporciona estad\u00edstiques \u00fatils, a m\u00e9s de crear un microsite web per millorar la comunicaci\u00f3 i promoci\u00f3 del projecte.<\/p>\n<\/div>\n<\/div>\n\n\n\n<div class=\"wp-block-group has-primary-color has-background-secondary-background-color has-text-color has-background is-layout-constrained wp-container-core-group-is-layout-6c0cbf42 wp-block-group-is-layout-constrained\" style=\"border-radius:8px;padding-top:var(--wp--preset--spacing--70);padding-right:var(--wp--preset--spacing--70);padding-bottom:var(--wp--preset--spacing--70);padding-left:var(--wp--preset--spacing--70)\">\n<div class=\"wp-block-columns is-layout-flex wp-container-core-columns-is-layout-28f84493 wp-block-columns-is-layout-flex\">\n<div class=\"wp-block-column is-layout-flow wp-block-column-is-layout-flow\">\n<figure class=\"wp-block-image size-full\"><img loading=\"lazy\" decoding=\"async\" width=\"1024\" height=\"768\" src=\"https:\/\/eduardfolch.bike\/wp-content\/uploads\/2024\/05\/IMG20220422090604_BURST001_COVER-1024x768-1.jpg\" alt=\"\" class=\"wp-image-267\" srcset=\"https:\/\/eduardfolch.bike\/wp-content\/uploads\/2024\/05\/IMG20220422090604_BURST001_COVER-1024x768-1.jpg 1024w, https:\/\/eduardfolch.bike\/wp-content\/uploads\/2024\/05\/IMG20220422090604_BURST001_COVER-1024x768-1-300x225.jpg 300w, https:\/\/eduardfolch.bike\/wp-content\/uploads\/2024\/05\/IMG20220422090604_BURST001_COVER-1024x768-1-768x576.jpg 768w\" sizes=\"auto, (max-width: 1024px) 100vw, 1024px\" \/><\/figure>\n<\/div>\n\n\n\n<div class=\"wp-block-column is-layout-flow wp-block-column-is-layout-flow\">\n<h2 class=\"wp-block-heading has-secondary-color has-text-color has-link-color has-large-font-size wp-elements-647ad9051d01cd1a13fa87d48d67feae\">Qu\u00e8 t&#039;ofereixo?<\/h2>\n\n\n\n<ul class=\"wp-block-list\">\n<li class=\"has-small-font-size\">Acompanyament i creaci\u00f3 del grup impulsor del bicib\u00fas<\/li>\n\n\n\n<li class=\"has-small-font-size\">Definici\u00f3 i estudi de les rutes i parades<\/li>\n\n\n\n<li class=\"has-small-font-size\">Formaci\u00f3 per a la circulaci\u00f3 ciclista en grup<\/li>\n\n\n\n<li class=\"has-small-font-size\">Activaci\u00f3 de la \u00abBicib\u00fas APP\u00bb i promoci\u00f3<\/li>\n\n\n\n<li class=\"has-small-font-size\">Persones guies experimentades per a esdeveniments <mark style=\"background-color:rgba(0, 0, 0, 0)\" class=\"has-inline-color has-secondary-color\">(opcional)<\/mark><\/li>\n\n\n\n<li class=\"has-small-font-size\">An\u00e0lisi dels patrons de mobilitat escolar <mark style=\"background-color:rgba(0, 0, 0, 0)\" class=\"has-inline-color has-secondary-color\">(opcional)<\/mark><\/li>\n\n\n\n<li class=\"has-small-font-size\">Planificaci\u00f3 d&#039;entorns escolars segurs <mark style=\"background-color:rgba(0, 0, 0, 0)\" class=\"has-inline-color has-secondary-color\">(opcional)<\/mark><\/li>\n\n\n\n<li class=\"has-small-font-size\">Acci\u00f3 per al canvi dh\u00e0bits de mobilitat <mark style=\"background-color:rgba(0, 0, 0, 0)\" class=\"has-inline-color has-secondary-color\">(opcional)<\/mark><\/li>\n<\/ul>\n<\/div>\n<\/div>\n\n\n\n<p style=\"margin-bottom:var(--wp--preset--spacing--60)\">Si t&#039;interessa transformar la teva comunitat, promovent una mobilitat sostenible i saludable mitjan\u00e7ant un projecte de bicib\u00fas, no dubtis en contactar-me per comen\u00e7ar a planificar i executar aquesta iniciativa innovadora junts.<\/p>\n\n\n\n<div class=\"wp-block-buttons is-layout-flex wp-block-buttons-is-layout-flex\">\n<div class=\"wp-block-button\"><a class=\"wp-block-button__link wp-element-button\" href=\"#contactar\">Necessites m\u00e9s informaci\u00f3?<\/a><\/div>\n<\/div>\n<\/div>\n\n\n\n<div style=\"height:50px\" aria-hidden=\"true\" class=\"wp-block-spacer\"><\/div>\n\n\n\n<div class=\"wp-block-columns is-layout-flex wp-container-core-columns-is-layout-643ced6b wp-block-columns-is-layout-flex\">\n<div class=\"wp-block-column is-layout-flow wp-block-column-is-layout-flow\" style=\"flex-basis:40%\">\n<h2 class=\"wp-block-heading has-large-font-size\">Exemples de projectes de bicib\u00fas<\/h2>\n\n\n\n<p class=\"has-medium-font-size\"><\/p>\n<\/div>\n\n\n\n<div class=\"wp-block-column is-layout-flow wp-block-column-is-layout-flow\" style=\"flex-basis:60%\">\n<div class=\"wp-block-columns is-layout-flex wp-container-core-columns-is-layout-28232c24 wp-block-columns-is-layout-flex\">\n<div class=\"wp-block-column is-layout-flow wp-block-column-is-layout-flow\">\n<div class=\"wp-block-columns has-background-secondary-background-color has-background is-layout-flex wp-container-core-columns-is-layout-86ed477e wp-block-columns-is-layout-flex\" style=\"border-radius:8px;padding-top:var(--wp--preset--spacing--30);padding-right:var(--wp--preset--spacing--40);padding-bottom:var(--wp--preset--spacing--30);padding-left:var(--wp--preset--spacing--40)\">\n<div class=\"wp-block-column is-layout-flow wp-block-column-is-layout-flow\" style=\"flex-basis:10%\">\n<p class=\"has-text-align-left has-large-font-size\" style=\"font-style:normal;font-weight:700;line-height:1\">1<\/p>\n<\/div>\n\n\n\n<div class=\"wp-block-column is-vertically-aligned-center is-layout-flow wp-block-column-is-layout-flow\" style=\"flex-basis:90%\">\n<h3 class=\"wp-block-heading has-secondary-color has-text-color has-link-color has-medium-font-size wp-elements-0e53c302b4effecb663003723be63745\">Bicib\u00fas escolar<\/h3>\n\n\n\n<p class=\"wp-embed-aspect-16-9 wp-has-aspect-ratio has-small-font-size\">Principalment una o diverses rutes + parades que uneixen els domicilis dels nens i nenes amb les seves escoles respectives. El bicib\u00fas va acompanyat de persones adultes.<\/p>\n<\/div>\n<\/div>\n<\/div>\n\n\n\n<div class=\"wp-block-column is-layout-flow wp-block-column-is-layout-flow\" style=\"flex-basis:30%\"><\/div>\n<\/div>\n\n\n\n<div class=\"wp-block-columns is-layout-flex wp-container-core-columns-is-layout-28232c24 wp-block-columns-is-layout-flex\">\n<div class=\"wp-block-column is-layout-flow wp-block-column-is-layout-flow\" style=\"flex-basis:10%\"><\/div>\n\n\n\n<div class=\"wp-block-column is-layout-flow wp-container-core-column-is-layout-8a368f38 wp-block-column-is-layout-flow\">\n<div class=\"wp-block-columns has-background-secondary-background-color has-background is-layout-flex wp-container-core-columns-is-layout-86ed477e wp-block-columns-is-layout-flex\" style=\"border-radius:8px;padding-top:var(--wp--preset--spacing--30);padding-right:var(--wp--preset--spacing--40);padding-bottom:var(--wp--preset--spacing--30);padding-left:var(--wp--preset--spacing--40)\">\n<div class=\"wp-block-column is-layout-flow wp-block-column-is-layout-flow\" style=\"flex-basis:10%\">\n<p class=\"has-text-align-left has-large-font-size\" style=\"font-style:normal;font-weight:700;line-height:1\">2<\/p>\n<\/div>\n\n\n\n<div class=\"wp-block-column is-vertically-aligned-center is-layout-flow wp-block-column-is-layout-flow\" style=\"flex-basis:90%\">\n<h3 class=\"wp-block-heading has-secondary-color has-text-color has-link-color has-medium-font-size wp-elements-a37ab4176a3322a299875c350483277b\">Bicib\u00fas a centres laborals i pol\u00edgons<\/h3>\n\n\n\n<p class=\"has-small-font-size\">Una iniciativa innovadora per crear rutes en grup cap a una empresa o pol\u00edgon industrial, facilitant la seguretat durant el pedaleig.<\/p>\n<\/div>\n<\/div>\n<\/div>\n\n\n\n<div class=\"wp-block-column is-layout-flow wp-block-column-is-layout-flow\" style=\"flex-basis:20%\"><\/div>\n<\/div>\n\n\n\n<div class=\"wp-block-columns is-layout-flex wp-container-core-columns-is-layout-28232c24 wp-block-columns-is-layout-flex\">\n<div class=\"wp-block-column is-layout-flow wp-block-column-is-layout-flow\" style=\"flex-basis:20%\"><\/div>\n\n\n\n<div class=\"wp-block-column is-layout-flow wp-container-core-column-is-layout-8a368f38 wp-block-column-is-layout-flow\">\n<div class=\"wp-block-columns has-background-secondary-background-color has-background is-layout-flex wp-container-core-columns-is-layout-86ed477e wp-block-columns-is-layout-flex\" style=\"border-radius:8px;padding-top:var(--wp--preset--spacing--30);padding-right:var(--wp--preset--spacing--40);padding-bottom:var(--wp--preset--spacing--30);padding-left:var(--wp--preset--spacing--40)\">\n<div class=\"wp-block-column is-layout-flow wp-block-column-is-layout-flow\" style=\"flex-basis:10%\">\n<p class=\"has-text-align-left has-large-font-size\" style=\"font-style:normal;font-weight:700;line-height:1\">3<\/p>\n<\/div>\n\n\n\n<div class=\"wp-block-column is-vertically-aligned-center is-layout-flow wp-block-column-is-layout-flow\" style=\"flex-basis:90%\">\n<h3 class=\"wp-block-heading has-secondary-color has-text-color has-link-color has-medium-font-size wp-elements-ef490f3399a062249daff17f81d37e4b\">Bicib\u00fas per a esdeveniments<\/h3>\n\n\n\n<p class=\"has-small-font-size\">Una iniciativa que connecta un municipi o estaci\u00f3 de transport p\u00fablic amb un esdeveniment a l&#039;extraradi. Organitzada amb guies i amb l&#039;opci\u00f3 de facilitar bicicletes a les persones que no en tinguin.<\/p>\n<\/div>\n<\/div>\n<\/div>\n\n\n\n<div class=\"wp-block-column is-layout-flow wp-block-column-is-layout-flow\" style=\"flex-basis:10%\"><\/div>\n<\/div>\n<\/div>\n<\/div>\n\n\n\n<div style=\"height:40px\" aria-hidden=\"true\" class=\"wp-block-spacer\"><\/div>\n\n\n\n<div class=\"wp-block-columns alignfull has-background-color has-secondary-background-color has-text-color has-background is-layout-flex wp-container-core-columns-is-layout-5ff45bc8 wp-block-columns-is-layout-flex\" id=\"contactar\" style=\"border-radius:8px;padding-top:var(--wp--preset--spacing--70);padding-right:var(--wp--preset--spacing--70);padding-bottom:var(--wp--preset--spacing--70);padding-left:var(--wp--preset--spacing--70)\">\n<div class=\"wp-block-column is-layout-flow wp-block-column-is-layout-flow\">\n<div class=\"wp-block-group full-height is-vertical is-layout-flex wp-container-core-group-is-layout-0bc941e6 wp-block-group-is-layout-flex\">\n<div class=\"wp-block-group is-vertical is-layout-flex wp-container-core-group-is-layout-2d729e81 wp-block-group-is-layout-flex\">\n<h2 class=\"wp-block-heading\">Parlo l&#039;idioma de la bicicleta i la mobilitat activa.<\/h2>\n\n\n\n<ul class=\"wp-block-social-links is-layout-flex wp-block-social-links-is-layout-flex\"><li class=\"wp-social-link wp-social-link-linkedin  wp-block-social-link\"><a href=\"https:\/\/www.linkedin.com\/in\/eduardfolch\/\" class=\"wp-block-social-link-anchor\"><svg width=\"24\" height=\"24\" viewbox=\"0 0 24 24\" version=\"1.1\" xmlns=\"http:\/\/www.w3.org\/2000\/svg\" aria-hidden=\"true\" focusable=\"false\"><path d=\"M19.7,3H4.3C3.582,3,3,3.582,3,4.3v15.4C3,20.418,3.582,21,4.3,21h15.4c0.718,0,1.3-0.582,1.3-1.3V4.3 C21,3.582,20.418,3,19.7,3z M8.339,18.338H5.667v-8.59h2.672V18.338z M7.004,8.574c-0.857,0-1.549-0.694-1.549-1.548 c0-0.855,0.691-1.548,1.549-1.548c0.854,0,1.547,0.694,1.547,1.548C8.551,7.881,7.858,8.574,7.004,8.574z M18.339,18.338h-2.669 v-4.177c0-0.996-0.017-2.278-1.387-2.278c-1.389,0-1.601,1.086-1.601,2.206v4.249h-2.667v-8.59h2.559v1.174h0.037 c0.356-0.675,1.227-1.387,2.526-1.387c2.703,0,3.203,1.779,3.203,4.092V18.338z\"><\/path><\/svg><span class=\"wp-block-social-link-label screen-reader-text\">LinkedIn<\/span><\/a><\/li>\n\n<li class=\"wp-social-link wp-social-link-x  wp-block-social-link\"><a href=\"https:\/\/twitter.com\/efolch\" class=\"wp-block-social-link-anchor\"><svg width=\"24\" height=\"24\" viewbox=\"0 0 24 24\" version=\"1.1\" xmlns=\"http:\/\/www.w3.org\/2000\/svg\" aria-hidden=\"true\" focusable=\"false\"><path d=\"M13.982 10.622 20.54 3h-1.554l-5.693 6.618L8.745 3H3.5l6.876 10.007L3.5 21h1.554l6.012-6.989L15.868 21h5.245l-7.131-10.378Zm-2.128 2.474-.697-.997-5.543-7.93H8l4.474 6.4.697.996 5.815 8.318h-2.387l-4.745-6.787Z\" \/><\/svg><span class=\"wp-block-social-link-label screen-reader-text\">X<\/span><\/a><\/li><\/ul>\n\n\n\n<figure class=\"wp-block-image size-full is-resized\"><img loading=\"lazy\" decoding=\"async\" width=\"400\" height=\"250\" src=\"https:\/\/eduardfolch.bike\/wp-content\/uploads\/2024\/05\/Diseno-sin-titulo-5.png\" alt=\"\" class=\"wp-image-139\" style=\"width:240px;height:auto\" srcset=\"https:\/\/eduardfolch.bike\/wp-content\/uploads\/2024\/05\/Diseno-sin-titulo-5.png 400w, https:\/\/eduardfolch.bike\/wp-content\/uploads\/2024\/05\/Diseno-sin-titulo-5-300x188.png 300w\" sizes=\"auto, (max-width: 400px) 100vw, 400px\" \/><\/figure>\n<\/div>\n<\/div>\n<\/div>\n\n\n\n<div class=\"wp-block-column is-layout-flow wp-block-column-is-layout-flow\">\n<p>Contacta&#039;m i explica&#039;m com podem col\u00b7laborar. Et respondr\u00e9 aviat.<\/p>\n\n\n\n<div class=\"wp-block-contact-form-7-contact-form-selector\">\n<div class=\"wpcf7 no-js\" id=\"wpcf7-f46-o1\" lang=\"es-ES\" dir=\"ltr\">\n<div class=\"screen-reader-response\"><p role=\"status\" aria-live=\"polite\" aria-atomic=\"true\"><\/p> <ul><\/ul><\/div>\n<form action=\"\/ca\/wp-json\/wp\/v2\/pages\/250#wpcf7-f46-o1\" method=\"post\" class=\"wpcf7-form init\" aria-label=\"Formulari de contacte\" novalidate=\"novalidate\" data-status=\"init\" data-trp-original-action=\"\/ca\/wp-json\/wp\/v2\/pages\/250#wpcf7-f46-o1\">\n<div style=\"display: none;\">\n<input type=\"hidden\" name=\"_wpcf7\" value=\"46\" \/>\n<input type=\"hidden\" name=\"_wpcf7_version\" value=\"5.9.4\" \/>\n<input type=\"hidden\" name=\"_wpcf7_locale\" value=\"es_ES\" \/>\n<input type=\"hidden\" name=\"_wpcf7_unit_tag\" value=\"wpcf7-f46-o1\" \/>\n<input type=\"hidden\" name=\"_wpcf7_container_post\" value=\"0\" \/>\n<input type=\"hidden\" name=\"_wpcf7_posted_data_hash\" value=\"\" \/>\n<\/div>\n<p><label> El teu nom<br \/>\n<span class=\"wpcf7-form-control-wrap\" data-name=\"your-name\"><input size=\"40\" class=\"wpcf7-form-control wpcf7-text wpcf7-validates-as-required\" autocomplete=\"name\" aria-required=\"true\" aria-invalid=\"false\" value=\"\" type=\"text\" name=\"your-name\" \/><\/span> <\/label>\n<\/p>\n<p><label> El teu e-mail<br \/>\n<span class=\"wpcf7-form-control-wrap\" data-name=\"your-email\"><input size=\"40\" class=\"wpcf7-form-control wpcf7-email wpcf7-validates-as-required wpcf7-text wpcf7-validates-as-email\" autocomplete=\"email\" aria-required=\"true\" aria-invalid=\"false\" value=\"\" type=\"email\" name=\"your-email\" \/><\/span> <\/label>\n<\/p>\n<p><label> Missatge<br \/>\n<span class=\"wpcf7-form-control-wrap\" data-name=\"your-message\"><textarea cols=\"40\" rows=\"10\" class=\"wpcf7-form-control wpcf7-textarea wpcf7-validates-as-required\" aria-required=\"true\" aria-invalid=\"false\" name=\"your-message\"><\/textarea><\/span> <\/label>\n<\/p>\n<p><span class=\"wpcf7-form-control-wrap\" data-name=\"acceptance-532\"><span class=\"wpcf7-form-control wpcf7-acceptance optional\"><span class=\"wpcf7-list-item\"><label><input type=\"checkbox\" name=\"acceptance-532\" value=\"1\" aria-invalid=\"false\" \/><span class=\"wpcf7-list-item-label\">Accepto la pol\u00edtica de privadesa<\/span><\/label><\/span><\/span><\/span>\n<\/p>\n<p><input class=\"wpcf7-form-control wpcf7-submit has-spinner\" type=\"submit\" value=\"Enviar\" \/>\n<\/p><div class=\"wpcf7-response-output\" aria-hidden=\"true\"><\/div>\n<input type=\"hidden\" name=\"trp-form-language\" value=\"ca\"\/><\/form>\n<\/div>\n<\/div>\n<\/div>\n<\/div>\n\n\n\n<div style=\"height:63px\" aria-hidden=\"true\" class=\"wp-block-spacer\"><\/div>","protected":false},"excerpt":{"rendered":"<p>Bicib\u00fas El bicib\u00fas \u00e9s una iniciativa divertida i segura que permet a les persones pedalar en grup entre dos punts. \u00c9s com una l\u00ednia d\u00b4autob\u00fas: Segueix rutes espec\u00edfiques i parades amb horaris predefinits. T&#039;ofereixo una metodologia i recursos per crear un bicib\u00fas cap a l&#039;escola, un centre de treball o un esdeveniment. Modalitats [\u2026]<\/p>","protected":false},"author":1,"featured_media":0,"parent":0,"menu_order":0,"comment_status":"closed","ping_status":"closed","template":"","meta":{"footnotes":""},"class_list":["post-250","page","type-page","status-publish","hentry"],"_links":{"self":[{"href":"https:\/\/eduardfolch.bike\/ca\/wp-json\/wp\/v2\/pages\/250","targetHints":{"allow":["GET"]}}],"collection":[{"href":"https:\/\/eduardfolch.bike\/ca\/wp-json\/wp\/v2\/pages"}],"about":[{"href":"https:\/\/eduardfolch.bike\/ca\/wp-json\/wp\/v2\/types\/page"}],"author":[{"embeddable":true,"href":"https:\/\/eduardfolch.bike\/ca\/wp-json\/wp\/v2\/users\/1"}],"replies":[{"embeddable":true,"href":"https:\/\/eduardfolch.bike\/ca\/wp-json\/wp\/v2\/comments?post=250"}],"version-history":[{"count":22,"href":"https:\/\/eduardfolch.bike\/ca\/wp-json\/wp\/v2\/pages\/250\/revisions"}],"predecessor-version":[{"id":321,"href":"https:\/\/eduardfolch.bike\/ca\/wp-json\/wp\/v2\/pages\/250\/revisions\/321"}],"wp:attachment":[{"href":"https:\/\/eduardfolch.bike\/ca\/wp-json\/wp\/v2\/media?parent=250"}],"curies":[{"name":"wp","href":"https:\/\/api.w.org\/{rel}","templated":true}]}}