{"id":329,"date":"2024-05-20T11:17:46","date_gmt":"2024-05-20T11:17:46","guid":{"rendered":"https:\/\/eduardfolch.bike\/?page_id=329"},"modified":"2024-05-20T12:38:58","modified_gmt":"2024-05-20T12:38:58","slug":"pocket-radar","status":"publish","type":"page","link":"https:\/\/eduardfolch.bike\/ca\/pocket-radar\/","title":{"rendered":"Pocket Radar"},"content":{"rendered":"<h1 class=\"wp-block-heading has-secondary-color has-text-color has-link-color wp-elements-9d2c6e6117653b4691c993c68318a503\" style=\"margin-top:0;margin-bottom:0\">Pocket Radar<\/h1>\n\n\n\n<p class=\"has-primary-second-color has-text-color has-link-color wp-elements-0f66f19e2d193f763e44ae830187b2fd\" style=\"margin-top:var(--wp--preset--spacing--30);margin-bottom:0;line-height:1.5\">Dispositiu port\u00e0til de radar dissenyat per mesurar de manera precisa i eficient la velocitat del tr\u00e0nsit. Dissimulat, compacte i f\u00e0cil d&#039;usar, cap al palmell de la m\u00e0 i ofereix una soluci\u00f3 ideal com a complement d&#039;estudis de tr\u00e0nsit temporals i per a projectes de sensibilaci\u00f3.<\/p>\n\n\n\n<div class=\"wp-block-group has-secondary-color has-background-background-color has-text-color has-background has-link-color wp-elements-e1eef5be2c0a1e13ce9af8dd3e386b6a is-layout-flow wp-block-group-is-layout-flow\" style=\"border-radius:8px;padding-top:var(--wp--preset--spacing--70);padding-right:0;padding-bottom:var(--wp--preset--spacing--70);padding-left:0\">\n<div style=\"height:40px\" aria-hidden=\"true\" class=\"wp-block-spacer\"><\/div>\n\n\n\n<div class=\"wp-block-columns is-layout-flex wp-container-core-columns-is-layout-08a2a807 wp-block-columns-is-layout-flex\">\n<div class=\"wp-block-column is-layout-flow wp-block-column-is-layout-flow\">\n<h3 class=\"wp-block-heading has-primary-color has-text-color has-link-color has-normal-font-size wp-elements-a769182c525cff12a51baec87fdafa50\" style=\"margin-top:0;margin-right:0;margin-bottom:0;margin-left:0\">Modalitats<\/h3>\n\n\n\n<p class=\"has-normal-font-size\" style=\"margin-top:var(--wp--preset--spacing--10);margin-right:0;margin-bottom:0;margin-left:0;line-height:1.5\">Monitoritzaci\u00f3 per a estudis de mobilitat o tallers amb escoles i instituts.<\/p>\n<\/div>\n\n\n\n<div class=\"wp-block-column is-layout-flow wp-block-column-is-layout-flow\">\n<h3 class=\"wp-block-heading has-primary-color has-text-color has-link-color has-normal-font-size wp-elements-a5ba4b3abe32d1d278bff13d13e0b53f\" style=\"margin-top:0;margin-right:0;margin-bottom:0;margin-left:0\">Clients<\/h3>\n\n\n\n<p class=\"has-normal-font-size\" style=\"margin-top:var(--wp--preset--spacing--10);margin-right:0;margin-bottom:0;margin-left:0;line-height:1.5\">Administracions p\u00fabliques, consultores de mobilitat i centres educatius.<\/p>\n<\/div>\n\n\n\n<div class=\"wp-block-column is-layout-flow wp-block-column-is-layout-flow\">\n<h3 class=\"wp-block-heading has-primary-color has-text-color has-link-color has-normal-font-size wp-elements-33b2d5befd2b2c57962135a6257cc62c\" style=\"margin-top:0;margin-right:0;margin-bottom:0;margin-left:0\">Qu\u00e8 inclou?<\/h3>\n\n\n\n<p class=\"has-normal-font-size\" style=\"margin-top:var(--wp--preset--spacing--10);margin-right:0;margin-bottom:0;margin-left:0;line-height:1.5\">Servei de mesura in situ, aplicaci\u00f3 m\u00f2bil per a recol\u00b7lecci\u00f3 de dades, auditoria de velocitats.<\/p>\n<\/div>\n<\/div>\n<\/div>\n\n\n\n<div style=\"height:40px\" aria-hidden=\"true\" class=\"wp-block-spacer\"><\/div>\n\n\n\n<div class=\"wp-block-columns are-vertically-aligned-center is-layout-flex wp-container-core-columns-is-layout-28f84493 wp-block-columns-is-layout-flex\">\n<div class=\"wp-block-column is-vertically-aligned-center is-layout-flow wp-block-column-is-layout-flow\">\n<h2 class=\"wp-block-heading\">Carrers m\u00e9s segurs usant un senzill dispositiu.<\/h2>\n\n\n\n<div class=\"wp-block-buttons is-layout-flex wp-block-buttons-is-layout-flex\">\n<div class=\"wp-block-button\"><a class=\"wp-block-button__link wp-element-button\" href=\"#contactar\">Contacta per a m\u00e9s informaci\u00f3<\/a><\/div>\n<\/div>\n<\/div>\n\n\n\n<div class=\"wp-block-column is-vertically-aligned-center is-layout-flow wp-block-column-is-layout-flow\">\n<figure class=\"wp-block-embed aligncenter is-type-video is-provider-youtube wp-block-embed-youtube wp-embed-aspect-16-9 wp-has-aspect-ratio\"><div class=\"wp-block-embed__wrapper\">\n<iframe loading=\"lazy\" title=\"Pocket Radar - Eduard Folch Bike\" width=\"500\" height=\"281\" src=\"https:\/\/www.youtube.com\/embed\/RlkOwteAmfs?feature=oembed\" frameborder=\"0\" allow=\"accelerometer; autoplay; clipboard-write; encrypted-media; gyroscope; picture-in-picture; web-share\" referrerpolicy=\"strict-origin-when-cross-origin\" allowfullscreen><\/iframe>\n<\/div><\/figure>\n<\/div>\n<\/div>\n\n\n\n<div style=\"height:60px\" aria-hidden=\"true\" class=\"wp-block-spacer\"><\/div>\n\n\n\n<div class=\"wp-block-columns are-vertically-aligned-top is-layout-flex wp-container-core-columns-is-layout-28f84493 wp-block-columns-is-layout-flex\">\n<div class=\"wp-block-column is-vertically-aligned-top is-layout-flow wp-block-column-is-layout-flow\" style=\"padding-top:var(--wp--preset--spacing--20);padding-right:var(--wp--preset--spacing--20);padding-bottom:var(--wp--preset--spacing--20);padding-left:var(--wp--preset--spacing--20)\">\n<h3 class=\"wp-block-heading has-medium-font-size\" style=\"font-style:normal;font-weight:700\">Dades que salven vides<\/h3>\n\n\n\n<p style=\"margin-top:var(--wp--preset--spacing--10);margin-bottom:var(--wp--preset--spacing--60)\"><mark style=\"background-color:rgba(0, 0, 0, 0)\" class=\"has-inline-color has-secondary-color\">Usant dades per dissenyar vies m\u00e9s segures<\/mark><br><br>Pocket Radar \u00e9s un <mark style=\"background-color:rgba(0, 0, 0, 0)\" class=\"has-inline-color has-secondary-color\">dispositiu compacte i f\u00e0cil d&#039;usar<\/mark>, perfecte per dur a terme petits <mark style=\"background-color:rgba(0, 0, 0, 0)\" class=\"has-inline-color has-secondary-color\">estudis de tr\u00e0nsit<\/mark> en una varietat d&#039;entorns, des de carrers concorreguts fins a zones escolars.<\/p>\n\n\n\n<p style=\"margin-top:var(--wp--preset--spacing--10);margin-bottom:var(--wp--preset--spacing--60)\">A m\u00e9s, <mark style=\"background-color:rgba(0, 0, 0, 0)\" class=\"has-inline-color has-secondary-color\">mitjan\u00e7ant una app<\/mark>, es recopilen les dades i s&#039;ofereix una plataforma senzilla per interpretar-les.<\/p>\n\n\n\n<p style=\"margin-top:var(--wp--preset--spacing--10);margin-bottom:var(--wp--preset--spacing--60)\">El radar permet a consultores i administracions p\u00fabliques implementar mesures de seguretat vi\u00e0ria basades en <mark style=\"background-color:rgba(0, 0, 0, 0)\" class=\"has-inline-color has-secondary-color\">informaci\u00f3 precisa i actualitzada<\/mark>.<\/p>\n<\/div>\n\n\n\n<div class=\"wp-block-column is-vertically-aligned-top is-layout-flow wp-block-column-is-layout-flow\" style=\"padding-top:var(--wp--preset--spacing--20);padding-right:var(--wp--preset--spacing--20);padding-bottom:var(--wp--preset--spacing--20);padding-left:var(--wp--preset--spacing--20)\">\n<h3 class=\"wp-block-heading has-medium-font-size\" style=\"font-style:normal;font-weight:700\"><strong>Participaci\u00f3: M\u00e9s enll\u00e0 del monitoratge<\/strong><\/h3>\n\n\n\n<p style=\"margin-top:var(--wp--preset--spacing--10);margin-bottom:var(--wp--preset--spacing--60)\"><mark style=\"background-color:rgba(0, 0, 0, 0)\" class=\"has-inline-color has-secondary-color\">Integrant comunitats a la seguretat vi\u00e0ria<\/mark><br><br><mark style=\"background-color:rgba(0, 0, 0, 0)\" class=\"has-inline-color has-secondary-color\">Tallers i demostracions in situ<\/mark> sobre com l&#039;\u00fas del radar pot empoderar les comunitats locals, permetent-los <mark style=\"background-color:rgba(0, 0, 0, 0)\" class=\"has-inline-color has-secondary-color\">entendre i participar activament<\/mark> en la planificaci\u00f3 i millora de la seguretat vi\u00e0ria.<\/p>\n\n\n\n<p>Aquestes activitats no nom\u00e9s augmenten la consci\u00e8ncia sobre la seguretat, sin\u00f3 que tamb\u00e9 promouen un <mark style=\"background-color:rgba(0, 0, 0, 0)\" class=\"has-inline-color has-secondary-color\">comprom\u00eds actiu de la ciutadania en la gesti\u00f3 del tr\u00e0nsit i el disseny de carrers m\u00e9s segurs<\/mark> i amigables per a tothom.<\/p>\n<\/div>\n<\/div>\n\n\n\n<div class=\"wp-block-group has-primary-color has-background-secondary-background-color has-text-color has-background is-layout-constrained wp-container-core-group-is-layout-6c0cbf42 wp-block-group-is-layout-constrained\" style=\"border-radius:8px;padding-top:var(--wp--preset--spacing--70);padding-right:var(--wp--preset--spacing--70);padding-bottom:var(--wp--preset--spacing--70);padding-left:var(--wp--preset--spacing--70)\">\n<div class=\"wp-block-columns is-layout-flex wp-container-core-columns-is-layout-28f84493 wp-block-columns-is-layout-flex\">\n<div class=\"wp-block-column is-layout-flow wp-block-column-is-layout-flow\" style=\"flex-basis:60%\">\n<figure class=\"wp-block-image size-large\"><img loading=\"lazy\" decoding=\"async\" width=\"1024\" height=\"1024\" src=\"https:\/\/eduardfolch.bike\/wp-content\/uploads\/2024\/05\/linkedin.com_-1024x1024.png\" alt=\"\" class=\"wp-image-346\" srcset=\"https:\/\/eduardfolch.bike\/wp-content\/uploads\/2024\/05\/linkedin.com_-1024x1024.png 1024w, https:\/\/eduardfolch.bike\/wp-content\/uploads\/2024\/05\/linkedin.com_-300x300.png 300w, https:\/\/eduardfolch.bike\/wp-content\/uploads\/2024\/05\/linkedin.com_-150x150.png 150w, https:\/\/eduardfolch.bike\/wp-content\/uploads\/2024\/05\/linkedin.com_-768x768.png 768w, https:\/\/eduardfolch.bike\/wp-content\/uploads\/2024\/05\/linkedin.com_-12x12.png 12w, https:\/\/eduardfolch.bike\/wp-content\/uploads\/2024\/05\/linkedin.com_.png 1200w\" sizes=\"auto, (max-width: 1024px) 100vw, 1024px\" \/><\/figure>\n<\/div>\n\n\n\n<div class=\"wp-block-column is-layout-flow wp-block-column-is-layout-flow\" style=\"flex-basis:60%\">\n<h2 class=\"wp-block-heading has-secondary-color has-text-color has-link-color has-large-font-size wp-elements-847ae7ce5169a53d210fd0dbd7083f24\">Qu\u00e8 obtindr\u00e0s?<\/h2>\n\n\n\n<ul class=\"wp-block-list\">\n<li class=\"has-small-font-size\">Mesuraments de velocitat precises<\/li>\n\n\n\n<li class=\"has-small-font-size\">Informe detallat de velocitats<\/li>\n\n\n\n<li class=\"has-small-font-size\">An\u00e0lisi de dades i recomanacions<\/li>\n\n\n\n<li class=\"has-small-font-size\">Presentaci\u00f3 de resultats a stakeholders <mark style=\"background-color:rgba(0, 0, 0, 0)\" class=\"has-inline-color has-secondary-color\">(opcional)<\/mark><\/li>\n\n\n\n<li class=\"has-small-font-size\">Publicaci\u00f3 de resultats <mark style=\"background-color:rgba(0, 0, 0, 0)\" class=\"has-inline-color has-secondary-color\">(opcional)<\/mark><\/li>\n<\/ul>\n<\/div>\n<\/div>\n\n\n\n<p style=\"margin-bottom:var(--wp--preset--spacing--60)\">Transforma la seguretat a la teva comunitat amb un sol clic. Descobreix com el Pocket Radar pot marcar la difer\u00e8ncia. Contacta&#039;ns i participa-hi ara!<\/p>\n\n\n\n<div class=\"wp-block-buttons is-layout-flex wp-block-buttons-is-layout-flex\">\n<div class=\"wp-block-button\"><a class=\"wp-block-button__link wp-element-button\" href=\"#contactar\">Necessites m\u00e9s informaci\u00f3?<\/a><\/div>\n<\/div>\n<\/div>\n\n\n\n<div style=\"height:50px\" aria-hidden=\"true\" class=\"wp-block-spacer\"><\/div>\n\n\n\n<div style=\"height:40px\" aria-hidden=\"true\" class=\"wp-block-spacer\"><\/div>\n\n\n\n<div class=\"wp-block-columns alignfull has-background-color has-secondary-background-color has-text-color has-background is-layout-flex wp-container-core-columns-is-layout-5ff45bc8 wp-block-columns-is-layout-flex\" id=\"contactar\" style=\"border-radius:8px;padding-top:var(--wp--preset--spacing--70);padding-right:var(--wp--preset--spacing--70);padding-bottom:var(--wp--preset--spacing--70);padding-left:var(--wp--preset--spacing--70)\">\n<div class=\"wp-block-column is-layout-flow wp-block-column-is-layout-flow\">\n<div class=\"wp-block-group full-height is-vertical is-layout-flex wp-container-core-group-is-layout-0bc941e6 wp-block-group-is-layout-flex\">\n<div class=\"wp-block-group is-vertical is-layout-flex wp-container-core-group-is-layout-2d729e81 wp-block-group-is-layout-flex\">\n<h2 class=\"wp-block-heading\">Parlo l&#039;idioma de la bicicleta i la mobilitat activa.<\/h2>\n\n\n\n<ul class=\"wp-block-social-links is-layout-flex wp-block-social-links-is-layout-flex\"><li class=\"wp-social-link wp-social-link-linkedin  wp-block-social-link\"><a href=\"https:\/\/www.linkedin.com\/in\/eduardfolch\/\" class=\"wp-block-social-link-anchor\"><svg width=\"24\" height=\"24\" viewbox=\"0 0 24 24\" version=\"1.1\" xmlns=\"http:\/\/www.w3.org\/2000\/svg\" aria-hidden=\"true\" focusable=\"false\"><path d=\"M19.7,3H4.3C3.582,3,3,3.582,3,4.3v15.4C3,20.418,3.582,21,4.3,21h15.4c0.718,0,1.3-0.582,1.3-1.3V4.3 C21,3.582,20.418,3,19.7,3z M8.339,18.338H5.667v-8.59h2.672V18.338z M7.004,8.574c-0.857,0-1.549-0.694-1.549-1.548 c0-0.855,0.691-1.548,1.549-1.548c0.854,0,1.547,0.694,1.547,1.548C8.551,7.881,7.858,8.574,7.004,8.574z M18.339,18.338h-2.669 v-4.177c0-0.996-0.017-2.278-1.387-2.278c-1.389,0-1.601,1.086-1.601,2.206v4.249h-2.667v-8.59h2.559v1.174h0.037 c0.356-0.675,1.227-1.387,2.526-1.387c2.703,0,3.203,1.779,3.203,4.092V18.338z\"><\/path><\/svg><span class=\"wp-block-social-link-label screen-reader-text\">LinkedIn<\/span><\/a><\/li>\n\n<li class=\"wp-social-link wp-social-link-x  wp-block-social-link\"><a href=\"https:\/\/twitter.com\/efolch\" class=\"wp-block-social-link-anchor\"><svg width=\"24\" height=\"24\" viewbox=\"0 0 24 24\" version=\"1.1\" xmlns=\"http:\/\/www.w3.org\/2000\/svg\" aria-hidden=\"true\" focusable=\"false\"><path d=\"M13.982 10.622 20.54 3h-1.554l-5.693 6.618L8.745 3H3.5l6.876 10.007L3.5 21h1.554l6.012-6.989L15.868 21h5.245l-7.131-10.378Zm-2.128 2.474-.697-.997-5.543-7.93H8l4.474 6.4.697.996 5.815 8.318h-2.387l-4.745-6.787Z\" \/><\/svg><span class=\"wp-block-social-link-label screen-reader-text\">X<\/span><\/a><\/li><\/ul>\n\n\n\n<figure class=\"wp-block-image size-full is-resized\"><img loading=\"lazy\" decoding=\"async\" width=\"400\" height=\"250\" src=\"https:\/\/eduardfolch.bike\/wp-content\/uploads\/2024\/05\/Diseno-sin-titulo-5.png\" alt=\"\" class=\"wp-image-139\" style=\"width:240px;height:auto\" srcset=\"https:\/\/eduardfolch.bike\/wp-content\/uploads\/2024\/05\/Diseno-sin-titulo-5.png 400w, https:\/\/eduardfolch.bike\/wp-content\/uploads\/2024\/05\/Diseno-sin-titulo-5-300x188.png 300w\" sizes=\"auto, (max-width: 400px) 100vw, 400px\" \/><\/figure>\n<\/div>\n<\/div>\n<\/div>\n\n\n\n<div class=\"wp-block-column is-layout-flow wp-block-column-is-layout-flow\">\n<p>Contacta&#039;m i explica&#039;m com podem col\u00b7laborar. Et respondr\u00e9 aviat.<\/p>\n\n\n\n<div class=\"wp-block-contact-form-7-contact-form-selector\">\n<div class=\"wpcf7 no-js\" id=\"wpcf7-f46-o1\" lang=\"es-ES\" dir=\"ltr\">\n<div class=\"screen-reader-response\"><p role=\"status\" aria-live=\"polite\" aria-atomic=\"true\"><\/p> <ul><\/ul><\/div>\n<form action=\"\/ca\/wp-json\/wp\/v2\/pages\/329#wpcf7-f46-o1\" method=\"post\" class=\"wpcf7-form init\" aria-label=\"Formulari de contacte\" novalidate=\"novalidate\" data-status=\"init\" data-trp-original-action=\"\/ca\/wp-json\/wp\/v2\/pages\/329#wpcf7-f46-o1\">\n<div style=\"display: none;\">\n<input type=\"hidden\" name=\"_wpcf7\" value=\"46\" \/>\n<input type=\"hidden\" name=\"_wpcf7_version\" value=\"5.9.4\" \/>\n<input type=\"hidden\" name=\"_wpcf7_locale\" value=\"es_ES\" \/>\n<input type=\"hidden\" name=\"_wpcf7_unit_tag\" value=\"wpcf7-f46-o1\" \/>\n<input type=\"hidden\" name=\"_wpcf7_container_post\" value=\"0\" \/>\n<input type=\"hidden\" name=\"_wpcf7_posted_data_hash\" value=\"\" \/>\n<\/div>\n<p><label> El teu nom<br \/>\n<span class=\"wpcf7-form-control-wrap\" data-name=\"your-name\"><input size=\"40\" class=\"wpcf7-form-control wpcf7-text wpcf7-validates-as-required\" autocomplete=\"name\" aria-required=\"true\" aria-invalid=\"false\" value=\"\" type=\"text\" name=\"your-name\" \/><\/span> <\/label>\n<\/p>\n<p><label> El teu e-mail<br \/>\n<span class=\"wpcf7-form-control-wrap\" data-name=\"your-email\"><input size=\"40\" class=\"wpcf7-form-control wpcf7-email wpcf7-validates-as-required wpcf7-text wpcf7-validates-as-email\" autocomplete=\"email\" aria-required=\"true\" aria-invalid=\"false\" value=\"\" type=\"email\" name=\"your-email\" \/><\/span> <\/label>\n<\/p>\n<p><label> Missatge<br \/>\n<span class=\"wpcf7-form-control-wrap\" data-name=\"your-message\"><textarea cols=\"40\" rows=\"10\" class=\"wpcf7-form-control wpcf7-textarea wpcf7-validates-as-required\" aria-required=\"true\" aria-invalid=\"false\" name=\"your-message\"><\/textarea><\/span> <\/label>\n<\/p>\n<p><span class=\"wpcf7-form-control-wrap\" data-name=\"acceptance-532\"><span class=\"wpcf7-form-control wpcf7-acceptance optional\"><span class=\"wpcf7-list-item\"><label><input type=\"checkbox\" name=\"acceptance-532\" value=\"1\" aria-invalid=\"false\" \/><span class=\"wpcf7-list-item-label\">Accepto la pol\u00edtica de privadesa<\/span><\/label><\/span><\/span><\/span>\n<\/p>\n<p><input class=\"wpcf7-form-control wpcf7-submit has-spinner\" type=\"submit\" value=\"Enviar\" \/>\n<\/p><div class=\"wpcf7-response-output\" aria-hidden=\"true\"><\/div>\n<input type=\"hidden\" name=\"trp-form-language\" value=\"ca\"\/><\/form>\n<\/div>\n<\/div>\n<\/div>\n<\/div>\n\n\n\n<div style=\"height:63px\" aria-hidden=\"true\" class=\"wp-block-spacer\"><\/div>","protected":false},"excerpt":{"rendered":"<p>Pocket Radar Dispositiu port\u00e0til de radar dissenyat per mesurar de manera precisa i eficient la velocitat del tr\u00e0nsit. Dissimulat, compacte i f\u00e0cil d&#039;usar, cap al palmell de la m\u00e0 i ofereix una soluci\u00f3 ideal com a complement d&#039;estudis de tr\u00e0nsit temporals i per a projectes de sensibilaci\u00f3. Modalitats Monitoritzaci\u00f3 per a estudis de mobilitat o [\u2026]<\/p>","protected":false},"author":1,"featured_media":0,"parent":0,"menu_order":0,"comment_status":"closed","ping_status":"closed","template":"","meta":{"footnotes":""},"class_list":["post-329","page","type-page","status-publish","hentry"],"_links":{"self":[{"href":"https:\/\/eduardfolch.bike\/ca\/wp-json\/wp\/v2\/pages\/329","targetHints":{"allow":["GET"]}}],"collection":[{"href":"https:\/\/eduardfolch.bike\/ca\/wp-json\/wp\/v2\/pages"}],"about":[{"href":"https:\/\/eduardfolch.bike\/ca\/wp-json\/wp\/v2\/types\/page"}],"author":[{"embeddable":true,"href":"https:\/\/eduardfolch.bike\/ca\/wp-json\/wp\/v2\/users\/1"}],"replies":[{"embeddable":true,"href":"https:\/\/eduardfolch.bike\/ca\/wp-json\/wp\/v2\/comments?post=329"}],"version-history":[{"count":11,"href":"https:\/\/eduardfolch.bike\/ca\/wp-json\/wp\/v2\/pages\/329\/revisions"}],"predecessor-version":[{"id":348,"href":"https:\/\/eduardfolch.bike\/ca\/wp-json\/wp\/v2\/pages\/329\/revisions\/348"}],"wp:attachment":[{"href":"https:\/\/eduardfolch.bike\/ca\/wp-json\/wp\/v2\/media?parent=329"}],"curies":[{"name":"wp","href":"https:\/\/api.w.org\/{rel}","templated":true}]}}